{"id":1862,"date":"2022-07-14T02:28:40","date_gmt":"2022-07-14T02:28:40","guid":{"rendered":"https:\/\/blog.flipbuilder.com\/?page_id=1862"},"modified":"2024-09-18T09:01:41","modified_gmt":"2024-09-18T09:01:41","slug":"elementor-1862","status":"publish","type":"page","link":"https:\/\/blog.flipbuilder.com\/sv\/elementor-1862\/","title":{"rendered":"Tips och id\u00e9er f\u00f6r digital publicering \u2013 FlipBuilder-blogg"},"content":{"rendered":"<h1 style=\"text-align: center;\">FlipBuilder blogg<\/h1>\n<h4 style=\"text-align: center;\">Uppt\u00e4ck alla digitala publiceringstips och id\u00e9er h\u00e4r<\/h4>","protected":false},"excerpt":{"rendered":"<p>FlipBuilder-blogg Uppt\u00e4ck alla digitala publiceringstips och id\u00e9er h\u00e4r<\/p>","protected":false},"author":6,"featured_media":0,"parent":0,"menu_order":0,"comment_status":"closed","ping_status":"closed","template":"","meta":{"footnotes":""},"class_list":["post-1862","page","type-page","status-publish","hentry"],"yoast_head":"<!-- This site is optimized with the Yoast SEO plugin v23.5 - https:\/\/yoast.com\/wordpress\/plugins\/seo\/ -->\n<title>Digital Publishing Tips and Ideas - FlipBuilder Blog - FlipBuilder Blog<\/title>\n<meta name=\"description\" content=\"Discover all digital publishing tips and ideas from FlipBuilder Blog.\" \/>\n<meta name=\"robots\" content=\"index, follow, max-snippet:-1, max-image-preview:large, max-video-preview:-1\" \/>\n<link rel=\"canonical\" href=\"https:\/\/blog.flipbuilder.com\/sv\/elementor-1862\/\" \/>\n<meta property=\"og:locale\" content=\"sv_SE\" \/>\n<meta property=\"og:type\" content=\"article\" \/>\n<meta property=\"og:title\" content=\"Digital Publishing Tips and Ideas - FlipBuilder Blog - FlipBuilder Blog\" \/>\n<meta property=\"og:description\" content=\"Discover all digital publishing tips and ideas from FlipBuilder Blog.\" \/>\n<meta property=\"og:url\" content=\"https:\/\/blog.flipbuilder.com\/sv\/elementor-1862\/\" \/>\n<meta property=\"og:site_name\" content=\"FlipBuilder Blog\" \/>\n<meta property=\"article:modified_time\" content=\"2024-09-18T09:01:41+00:00\" \/>\n<meta name=\"twitter:card\" content=\"summary_large_image\" \/>\n<meta name=\"twitter:label1\" content=\"Ber\u00e4knad l\u00e4stid\" \/>\n\t<meta name=\"twitter:data1\" content=\"7 minuter\" \/>\n<script type=\"application\/ld+json\" class=\"yoast-schema-graph\">{\"@context\":\"https:\/\/schema.org\",\"@graph\":[{\"@type\":\"WebPage\",\"@id\":\"https:\/\/blog.flipbuilder.com\/elementor-1862\/\",\"url\":\"https:\/\/blog.flipbuilder.com\/elementor-1862\/\",\"name\":\"Digital Publishing Tips and Ideas - FlipBuilder Blog - FlipBuilder Blog\",\"isPartOf\":{\"@id\":\"https:\/\/blog.flipbuilder.com\/tr\/#website\"},\"datePublished\":\"2022-07-14T02:28:40+00:00\",\"dateModified\":\"2024-09-18T09:01:41+00:00\",\"description\":\"Discover all digital publishing tips and ideas from FlipBuilder Blog.\",\"breadcrumb\":{\"@id\":\"https:\/\/blog.flipbuilder.com\/elementor-1862\/#breadcrumb\"},\"inLanguage\":\"sv-SE\",\"potentialAction\":[{\"@type\":\"ReadAction\",\"target\":[\"https:\/\/blog.flipbuilder.com\/elementor-1862\/\"]}]},{\"@type\":\"BreadcrumbList\",\"@id\":\"https:\/\/blog.flipbuilder.com\/elementor-1862\/#breadcrumb\",\"itemListElement\":[{\"@type\":\"ListItem\",\"position\":1,\"name\":\"Home\",\"item\":\"https:\/\/blog.flipbuilder.com\/\"},{\"@type\":\"ListItem\",\"position\":2,\"name\":\"Digital Publishing Tips and Ideas &#8211; FlipBuilder Blog\"}]},{\"@type\":\"WebSite\",\"@id\":\"https:\/\/blog.flipbuilder.com\/tr\/#website\",\"url\":\"https:\/\/blog.flipbuilder.com\/tr\/\",\"name\":\"FlipBuilder Blog\",\"description\":\"\",\"publisher\":{\"@id\":\"https:\/\/blog.flipbuilder.com\/tr\/#organization\"},\"potentialAction\":[{\"@type\":\"SearchAction\",\"target\":{\"@type\":\"EntryPoint\",\"urlTemplate\":\"https:\/\/blog.flipbuilder.com\/tr\/?s={search_term_string}\"},\"query-input\":{\"@type\":\"PropertyValueSpecification\",\"valueRequired\":true,\"valueName\":\"search_term_string\"}}],\"inLanguage\":\"sv-SE\"},{\"@type\":\"Organization\",\"@id\":\"https:\/\/blog.flipbuilder.com\/tr\/#organization\",\"name\":\"FlipBuilder Blog\",\"url\":\"https:\/\/blog.flipbuilder.com\/tr\/\",\"logo\":{\"@type\":\"ImageObject\",\"inLanguage\":\"sv-SE\",\"@id\":\"https:\/\/blog.flipbuilder.com\/tr\/#\/schema\/logo\/image\/\",\"url\":\"https:\/\/blog.flipbuilder.com\/wp-content\/uploads\/2022\/07\/logo-2-1-1.png\",\"contentUrl\":\"https:\/\/blog.flipbuilder.com\/wp-content\/uploads\/2022\/07\/logo-2-1-1.png\",\"width\":190,\"height\":38,\"caption\":\"FlipBuilder Blog\"},\"image\":{\"@id\":\"https:\/\/blog.flipbuilder.com\/tr\/#\/schema\/logo\/image\/\"}}]}<\/script>\n<!-- \/ Yoast SEO plugin. -->","yoast_head_json":{"title":"Digital Publishing Tips and Ideas - FlipBuilder Blog - FlipBuilder Blog","description":"Discover all digital publishing tips and ideas from FlipBuilder Blog.","robots":{"index":"index","follow":"follow","max-snippet":"max-snippet:-1","max-image-preview":"max-image-preview:large","max-video-preview":"max-video-preview:-1"},"canonical":"https:\/\/blog.flipbuilder.com\/sv\/elementor-1862\/","og_locale":"sv_SE","og_type":"article","og_title":"Digital Publishing Tips and Ideas - FlipBuilder Blog - FlipBuilder Blog","og_description":"Discover all digital publishing tips and ideas from FlipBuilder Blog.","og_url":"https:\/\/blog.flipbuilder.com\/sv\/elementor-1862\/","og_site_name":"FlipBuilder Blog","article_modified_time":"2024-09-18T09:01:41+00:00","twitter_card":"summary_large_image","twitter_misc":{"Ber\u00e4knad l\u00e4stid":"7 minuter"},"schema":{"@context":"https:\/\/schema.org","@graph":[{"@type":"WebPage","@id":"https:\/\/blog.flipbuilder.com\/elementor-1862\/","url":"https:\/\/blog.flipbuilder.com\/elementor-1862\/","name":"Digital Publishing Tips and Ideas - FlipBuilder Blog - FlipBuilder Blog","isPartOf":{"@id":"https:\/\/blog.flipbuilder.com\/tr\/#website"},"datePublished":"2022-07-14T02:28:40+00:00","dateModified":"2024-09-18T09:01:41+00:00","description":"Discover all digital publishing tips and ideas from FlipBuilder Blog.","breadcrumb":{"@id":"https:\/\/blog.flipbuilder.com\/elementor-1862\/#breadcrumb"},"inLanguage":"sv-SE","potentialAction":[{"@type":"ReadAction","target":["https:\/\/blog.flipbuilder.com\/elementor-1862\/"]}]},{"@type":"BreadcrumbList","@id":"https:\/\/blog.flipbuilder.com\/elementor-1862\/#breadcrumb","itemListElement":[{"@type":"ListItem","position":1,"name":"Home","item":"https:\/\/blog.flipbuilder.com\/"},{"@type":"ListItem","position":2,"name":"Digital Publishing Tips and Ideas &#8211; FlipBuilder Blog"}]},{"@type":"WebSite","@id":"https:\/\/blog.flipbuilder.com\/tr\/#website","url":"https:\/\/blog.flipbuilder.com\/tr\/","name":"FlipBuilder Blog","description":"","publisher":{"@id":"https:\/\/blog.flipbuilder.com\/tr\/#organization"},"potentialAction":[{"@type":"SearchAction","target":{"@type":"EntryPoint","urlTemplate":"https:\/\/blog.flipbuilder.com\/tr\/?s={search_term_string}"},"query-input":{"@type":"PropertyValueSpecification","valueRequired":true,"valueName":"search_term_string"}}],"inLanguage":"sv-SE"},{"@type":"Organization","@id":"https:\/\/blog.flipbuilder.com\/tr\/#organization","name":"FlipBuilder Blog","url":"https:\/\/blog.flipbuilder.com\/tr\/","logo":{"@type":"ImageObject","inLanguage":"sv-SE","@id":"https:\/\/blog.flipbuilder.com\/tr\/#\/schema\/logo\/image\/","url":"https:\/\/blog.flipbuilder.com\/wp-content\/uploads\/2022\/07\/logo-2-1-1.png","contentUrl":"https:\/\/blog.flipbuilder.com\/wp-content\/uploads\/2022\/07\/logo-2-1-1.png","width":190,"height":38,"caption":"FlipBuilder Blog"},"image":{"@id":"https:\/\/blog.flipbuilder.com\/tr\/#\/schema\/logo\/image\/"}}]}},"_links":{"self":[{"href":"https:\/\/blog.flipbuilder.com\/sv\/wp-json\/wp\/v2\/pages\/1862"}],"collection":[{"href":"https:\/\/blog.flipbuilder.com\/sv\/wp-json\/wp\/v2\/pages"}],"about":[{"href":"https:\/\/blog.flipbuilder.com\/sv\/wp-json\/wp\/v2\/types\/page"}],"author":[{"embeddable":true,"href":"https:\/\/blog.flipbuilder.com\/sv\/wp-json\/wp\/v2\/users\/6"}],"replies":[{"embeddable":true,"href":"https:\/\/blog.flipbuilder.com\/sv\/wp-json\/wp\/v2\/comments?post=1862"}],"version-history":[{"count":16,"href":"https:\/\/blog.flipbuilder.com\/sv\/wp-json\/wp\/v2\/pages\/1862\/revisions"}],"predecessor-version":[{"id":8336,"href":"https:\/\/blog.flipbuilder.com\/sv\/wp-json\/wp\/v2\/pages\/1862\/revisions\/8336"}],"wp:attachment":[{"href":"https:\/\/blog.flipbuilder.com\/sv\/wp-json\/wp\/v2\/media?parent=1862"}],"curies":[{"name":"wp","href":"https:\/\/api.w.org\/{rel}","templated":true}]}}