{"id":8387,"date":"2024-09-19T02:08:15","date_gmt":"2024-09-19T02:08:15","guid":{"rendered":"https:\/\/blog.flipbuilder.com\/?page_id=8387"},"modified":"2024-09-19T02:09:16","modified_gmt":"2024-09-19T02:09:16","slug":"8387-2","status":"publish","type":"page","link":"https:\/\/blog.flipbuilder.com\/pl\/8387-2\/","title":{"rendered":"Nowy blog FlipBuilder"},"content":{"rendered":"<div class=\"wp-block-group alignfull has-accent-background-color has-background has-global-padding is-layout-constrained wp-container-core-group-is-layout-3 wp-block-group-is-layout-constrained\" style=\"margin-top:0;margin-bottom:0;padding-top:var(--wp--preset--spacing--50);padding-right:var(--wp--preset--spacing--50);padding-bottom:var(--wp--preset--spacing--50);padding-left:var(--wp--preset--spacing--50)\">\n<div class=\"wp-block-columns alignwide is-layout-flex wp-container-core-columns-is-layout-1 wp-block-columns-is-layout-flex\">\n<div class=\"wp-block-column is-vertically-aligned-stretch is-layout-flow wp-block-column-is-layout-flow\" style=\"flex-basis:50%\">\n<div class=\"wp-block-group is-vertical is-content-justification-stretch is-layout-flex wp-container-core-group-is-layout-2 wp-block-group-is-layout-flex\" style=\"min-height:100%\">\n<p class=\"has-heading-font-family has-x-large-font-size\" style=\"line-height:1.2\">\u00c9tudes oferuje kompleksowe rozwi\u0105zania konsultingowe, zarz\u0105dcze, projektowe i badawcze. Ka\u017cde przedsi\u0119wzi\u0119cie architektoniczne jest okazj\u0105 do ukszta\u0142towania przysz\u0142o\u015bci.<\/p>\n\n\n\n<div class=\"wp-block-group has-global-padding is-content-justification-left is-layout-constrained wp-container-core-group-is-layout-1 wp-block-group-is-layout-constrained\">\n<p class=\"wp-container-content-1\">Pozostawiaj\u0105c niezatarty \u015blad na krajobrazie jutra.<\/p>\n\n\n\n<div class=\"wp-block-buttons is-layout-flex wp-block-buttons-is-layout-flex\">\n<div class=\"wp-block-button\"><a class=\"wp-block-button__link wp-element-button\">O nas<\/a><\/div>\n<\/div>\n<\/div>\n<\/div>\n<\/div>\n\n\n\n<div class=\"wp-block-column is-vertically-aligned-center is-layout-flow wp-block-column-is-layout-flow\" style=\"flex-basis:50%\">\n<figure class=\"wp-block-image size-large is-style-rounded is-style-rounded--dd74e2fc85650cc928e883e7eb10ae77\"><img decoding=\"async\" src=\"https:\/\/blog.flipbuilder.com\/wp-content\/themes\/twentytwentyfour\/assets\/images\/museum.webp\" alt=\"Rampa wzd\u0142u\u017c zakrzywionej \u015bciany w Kiasma Museu w Helsinkach w Finlandii\" style=\"aspect-ratio:3\/4;object-fit:cover\"\/><\/figure>\n<\/div>\n<\/div>\n<\/div>\n\n\n\n<div class=\"wp-block-group alignfull has-base-color has-contrast-background-color has-text-color has-background has-link-color wp-elements-101a04cdb3b42d663bcc7a6d349413a7 has-global-padding is-layout-constrained wp-container-core-group-is-layout-5 wp-block-group-is-layout-constrained\" style=\"margin-top:0;margin-bottom:0;padding-top:var(--wp--preset--spacing--50);padding-right:var(--wp--preset--spacing--50);padding-bottom:var(--wp--preset--spacing--50);padding-left:var(--wp--preset--spacing--50)\">\n<h2 class=\"wp-block-heading alignwide has-base-color has-text-color has-link-color wp-elements-c9b5699bdecff18878afa112249018b5\" style=\"font-size:clamp(4.509rem, 4.509rem + ((1vw - 0.2rem) * 9.152), 10rem);letter-spacing:-0.02em\" data-no-translation=\"\">FAQs<\/h2>\n\n\n\n<div class=\"wp-block-group alignwide is-layout-flow wp-block-group-is-layout-flow\">\n<hr class=\"wp-block-separator has-text-color has-base-color has-alpha-channel-opacity has-base-background-color has-background is-style-wide\" style=\"margin-top:var(--wp--preset--spacing--30);margin-bottom:var(--wp--preset--spacing--30)\"\/>\n\n\n\n<h3 class=\"wp-block-heading alignwide has-base-2-color has-text-color has-link-color wp-elements-aaab986b024c2d4977bb000716db54d9\" data-no-translation=\"\">What is your process working in smaller projects?<\/h3>\n\n\n\n<p class=\"has-contrast-1-color has-text-color has-link-color wp-elements-c7a6a2949ec955eb29254d2d7fb719b9\">\u00c9tudes oferuje kompleksowe rozwi\u0105zania w zakresie doradztwa, zarz\u0105dzania, projektowania i bada\u0144. Nasz\u0105 wizj\u0105 jest bycie na czele innowacji architektonicznych, wspieranie globalnej spo\u0142eczno\u015bci architekt\u00f3w i entuzjast\u00f3w zjednoczonych pasj\u0105 do tworzenia przestrzeni. Ka\u017cde przedsi\u0119wzi\u0119cie architektoniczne jest okazj\u0105 do kszta\u0142towania przysz\u0142o\u015bci.<\/p>\n\n\n\n<hr class=\"wp-block-separator has-text-color has-base-color has-alpha-channel-opacity has-base-background-color has-background is-style-wide\" style=\"margin-top:var(--wp--preset--spacing--30);margin-bottom:var(--wp--preset--spacing--30)\"\/>\n\n\n\n<h3 class=\"wp-block-heading alignwide has-base-2-color has-text-color has-link-color wp-elements-6841db075a14f0d13730a94476d47523\" data-no-translation=\"\">Who is behind \u00c9tudes?<\/h3>\n\n\n\n<p class=\"has-contrast-1-color has-text-color has-link-color wp-elements-c7a6a2949ec955eb29254d2d7fb719b9\">\u00c9tudes oferuje kompleksowe rozwi\u0105zania w zakresie doradztwa, zarz\u0105dzania, projektowania i bada\u0144. Nasz\u0105 wizj\u0105 jest bycie na czele innowacji architektonicznych, wspieranie globalnej spo\u0142eczno\u015bci architekt\u00f3w i entuzjast\u00f3w zjednoczonych pasj\u0105 do tworzenia przestrzeni. Ka\u017cde przedsi\u0119wzi\u0119cie architektoniczne jest okazj\u0105 do kszta\u0142towania przysz\u0142o\u015bci.<\/p>\n\n\n\n<hr class=\"wp-block-separator has-text-color has-base-color has-alpha-channel-opacity has-base-background-color has-background is-style-wide\" style=\"margin-top:var(--wp--preset--spacing--30);margin-bottom:var(--wp--preset--spacing--30)\"\/>\n\n\n\n<h3 class=\"wp-block-heading alignwide has-base-2-color has-text-color has-link-color wp-elements-39ea32c6355da907b8471851adc98695\" data-no-translation=\"\">I&#8217;d like to get to meet fellow architects, how can I do that?<\/h3>\n\n\n\n<p class=\"has-contrast-1-color has-text-color has-link-color wp-elements-c7a6a2949ec955eb29254d2d7fb719b9\">\u00c9tudes oferuje kompleksowe rozwi\u0105zania w zakresie doradztwa, zarz\u0105dzania, projektowania i bada\u0144. Nasz\u0105 wizj\u0105 jest bycie na czele innowacji architektonicznych, wspieranie globalnej spo\u0142eczno\u015bci architekt\u00f3w i entuzjast\u00f3w zjednoczonych pasj\u0105 do tworzenia przestrzeni. Ka\u017cde przedsi\u0119wzi\u0119cie architektoniczne jest okazj\u0105 do kszta\u0142towania przysz\u0142o\u015bci.<\/p>\n\n\n\n<hr class=\"wp-block-separator has-text-color has-base-color has-alpha-channel-opacity has-base-background-color has-background is-style-wide\" style=\"margin-top:var(--wp--preset--spacing--30);margin-bottom:var(--wp--preset--spacing--30)\"\/>\n\n\n\n<h3 class=\"wp-block-heading alignwide has-base-2-color has-text-color has-link-color wp-elements-78f520ac6cd959b539da8bed9b65b7a2\" data-no-translation=\"\">Can I apply to be a part of the team or work as a contractor?<\/h3>\n\n\n\n<p class=\"has-contrast-1-color has-text-color has-link-color wp-elements-c7a6a2949ec955eb29254d2d7fb719b9\">\u00c9tudes oferuje kompleksowe rozwi\u0105zania w zakresie doradztwa, zarz\u0105dzania, projektowania i bada\u0144. Nasz\u0105 wizj\u0105 jest bycie na czele innowacji architektonicznych, wspieranie globalnej spo\u0142eczno\u015bci architekt\u00f3w i entuzjast\u00f3w zjednoczonych pasj\u0105 do tworzenia przestrzeni. Ka\u017cde przedsi\u0119wzi\u0119cie architektoniczne jest okazj\u0105 do kszta\u0142towania przysz\u0142o\u015bci.<\/p>\n\n\n\n<div style=\"margin-top:var(--wp--preset--spacing--10);margin-bottom:0;height:var(--wp--preset--spacing--10)\" aria-hidden=\"true\" class=\"wp-block-spacer\"><\/div>\n<\/div>\n<\/div>\n\n\n\n<div class=\"wp-block-query alignwide has-global-padding is-layout-constrained wp-container-core-query-is-layout-1 wp-block-query-is-layout-constrained\">\n<div class=\"wp-block-group is-layout-flow wp-block-group-is-layout-flow\" style=\"margin-top:0;margin-bottom:0;padding-top:var(--wp--preset--spacing--50);padding-right:0;padding-bottom:var(--wp--preset--spacing--50);padding-left:0\">\n\n\n<div style=\"margin-top:0;margin-bottom:0;height:var(--wp--preset--spacing--40)\" aria-hidden=\"true\" class=\"wp-block-spacer\"><\/div>\n\n\n<\/div>\n<\/div>","protected":false},"excerpt":{"rendered":"<p>\u00c9tudes oferuje kompleksowe rozwi\u0105zania konsultingowe, zarz\u0105dzania, projektowania i bada\u0144. Ka\u017cde przedsi\u0119wzi\u0119cie architektoniczne jest okazj\u0105 do ukszta\u0142towania przysz\u0142o\u015bci. Pozostawienie niezatartego \u015bladu na krajobrazie jutra. Cz\u0119sto zadawane pytania Jaki jest Tw\u00f3j proces pracy w mniejszych projektach? \u00c9tudes oferuje kompleksowe rozwi\u0105zania konsultingowe, zarz\u0105dzania, projektowania i bada\u0144. Nasz\u0105 wizj\u0105 jest bycie na czele [\u2026]<\/p>","protected":false},"author":6,"featured_media":0,"parent":0,"menu_order":0,"comment_status":"closed","ping_status":"closed","template":"","meta":{"footnotes":""},"class_list":["post-8387","page","type-page","status-publish","hentry"],"yoast_head":"<!-- This site is optimized with the Yoast SEO plugin v23.5 - https:\/\/yoast.com\/wordpress\/plugins\/seo\/ -->\n<title>The New FlipBuilder Blog - FlipBuilder Blog<\/title>\n<meta name=\"robots\" content=\"index, follow, max-snippet:-1, max-image-preview:large, max-video-preview:-1\" \/>\n<link rel=\"canonical\" href=\"https:\/\/blog.flipbuilder.com\/pl\/8387-2\/\" \/>\n<meta property=\"og:locale\" content=\"pl_PL\" \/>\n<meta property=\"og:type\" content=\"article\" \/>\n<meta property=\"og:title\" content=\"The New FlipBuilder Blog - FlipBuilder Blog\" \/>\n<meta property=\"og:description\" content=\"\u00c9tudes offers comprehensive consulting, management, design, and research solutions. Every architectural endeavor is an opportunity to shape the future. Leaving an indelible mark on the landscape of tomorrow. FAQs What is your process working in smaller projects? \u00c9tudes offers comprehensive consulting, management, design, and research solutions. Our vision is to be at the forefront of [&hellip;]\" \/>\n<meta property=\"og:url\" content=\"https:\/\/blog.flipbuilder.com\/pl\/8387-2\/\" \/>\n<meta property=\"og:site_name\" content=\"FlipBuilder Blog\" \/>\n<meta property=\"article:modified_time\" content=\"2024-09-19T02:09:16+00:00\" \/>\n<meta property=\"og:image\" content=\"https:\/\/blog.flipbuilder.com\/wp-content\/themes\/twentytwentyfour\/assets\/images\/museum.webp\" \/>\n<meta name=\"twitter:card\" content=\"summary_large_image\" \/>\n<meta name=\"twitter:label1\" content=\"Szacowany czas czytania\" \/>\n\t<meta name=\"twitter:data1\" content=\"2 minuty\" \/>\n<script type=\"application\/ld+json\" class=\"yoast-schema-graph\">{\"@context\":\"https:\/\/schema.org\",\"@graph\":[{\"@type\":\"WebPage\",\"@id\":\"https:\/\/blog.flipbuilder.com\/8387-2\/\",\"url\":\"https:\/\/blog.flipbuilder.com\/8387-2\/\",\"name\":\"The New FlipBuilder Blog - FlipBuilder Blog\",\"isPartOf\":{\"@id\":\"https:\/\/blog.flipbuilder.com\/tr\/#website\"},\"primaryImageOfPage\":{\"@id\":\"https:\/\/blog.flipbuilder.com\/8387-2\/#primaryimage\"},\"image\":{\"@id\":\"https:\/\/blog.flipbuilder.com\/8387-2\/#primaryimage\"},\"thumbnailUrl\":\"https:\/\/blog.flipbuilder.com\/wp-content\/themes\/twentytwentyfour\/assets\/images\/museum.webp\",\"datePublished\":\"2024-09-19T02:08:15+00:00\",\"dateModified\":\"2024-09-19T02:09:16+00:00\",\"breadcrumb\":{\"@id\":\"https:\/\/blog.flipbuilder.com\/8387-2\/#breadcrumb\"},\"inLanguage\":\"pl-PL\",\"potentialAction\":[{\"@type\":\"ReadAction\",\"target\":[\"https:\/\/blog.flipbuilder.com\/8387-2\/\"]}]},{\"@type\":\"ImageObject\",\"inLanguage\":\"pl-PL\",\"@id\":\"https:\/\/blog.flipbuilder.com\/8387-2\/#primaryimage\",\"url\":\"https:\/\/blog.flipbuilder.com\/wp-content\/themes\/twentytwentyfour\/assets\/images\/museum.webp\",\"contentUrl\":\"https:\/\/blog.flipbuilder.com\/wp-content\/themes\/twentytwentyfour\/assets\/images\/museum.webp\"},{\"@type\":\"BreadcrumbList\",\"@id\":\"https:\/\/blog.flipbuilder.com\/8387-2\/#breadcrumb\",\"itemListElement\":[{\"@type\":\"ListItem\",\"position\":1,\"name\":\"Home\",\"item\":\"https:\/\/blog.flipbuilder.com\/\"},{\"@type\":\"ListItem\",\"position\":2,\"name\":\"The New FlipBuilder Blog\"}]},{\"@type\":\"WebSite\",\"@id\":\"https:\/\/blog.flipbuilder.com\/tr\/#website\",\"url\":\"https:\/\/blog.flipbuilder.com\/tr\/\",\"name\":\"FlipBuilder Blog\",\"description\":\"\",\"publisher\":{\"@id\":\"https:\/\/blog.flipbuilder.com\/tr\/#organization\"},\"potentialAction\":[{\"@type\":\"SearchAction\",\"target\":{\"@type\":\"EntryPoint\",\"urlTemplate\":\"https:\/\/blog.flipbuilder.com\/tr\/?s={search_term_string}\"},\"query-input\":{\"@type\":\"PropertyValueSpecification\",\"valueRequired\":true,\"valueName\":\"search_term_string\"}}],\"inLanguage\":\"pl-PL\"},{\"@type\":\"Organization\",\"@id\":\"https:\/\/blog.flipbuilder.com\/tr\/#organization\",\"name\":\"FlipBuilder Blog\",\"url\":\"https:\/\/blog.flipbuilder.com\/tr\/\",\"logo\":{\"@type\":\"ImageObject\",\"inLanguage\":\"pl-PL\",\"@id\":\"https:\/\/blog.flipbuilder.com\/tr\/#\/schema\/logo\/image\/\",\"url\":\"https:\/\/blog.flipbuilder.com\/wp-content\/uploads\/2022\/07\/logo-2-1-1.png\",\"contentUrl\":\"https:\/\/blog.flipbuilder.com\/wp-content\/uploads\/2022\/07\/logo-2-1-1.png\",\"width\":190,\"height\":38,\"caption\":\"FlipBuilder Blog\"},\"image\":{\"@id\":\"https:\/\/blog.flipbuilder.com\/tr\/#\/schema\/logo\/image\/\"}}]}<\/script>\n<!-- \/ Yoast SEO plugin. -->","yoast_head_json":{"title":"The New FlipBuilder Blog - FlipBuilder Blog","robots":{"index":"index","follow":"follow","max-snippet":"max-snippet:-1","max-image-preview":"max-image-preview:large","max-video-preview":"max-video-preview:-1"},"canonical":"https:\/\/blog.flipbuilder.com\/pl\/8387-2\/","og_locale":"pl_PL","og_type":"article","og_title":"The New FlipBuilder Blog - FlipBuilder Blog","og_description":"\u00c9tudes offers comprehensive consulting, management, design, and research solutions. Every architectural endeavor is an opportunity to shape the future. Leaving an indelible mark on the landscape of tomorrow. FAQs What is your process working in smaller projects? \u00c9tudes offers comprehensive consulting, management, design, and research solutions. Our vision is to be at the forefront of [&hellip;]","og_url":"https:\/\/blog.flipbuilder.com\/pl\/8387-2\/","og_site_name":"FlipBuilder Blog","article_modified_time":"2024-09-19T02:09:16+00:00","og_image":[{"url":"https:\/\/blog.flipbuilder.com\/wp-content\/themes\/twentytwentyfour\/assets\/images\/museum.webp"}],"twitter_card":"summary_large_image","twitter_misc":{"Szacowany czas czytania":"2 minuty"},"schema":{"@context":"https:\/\/schema.org","@graph":[{"@type":"WebPage","@id":"https:\/\/blog.flipbuilder.com\/8387-2\/","url":"https:\/\/blog.flipbuilder.com\/8387-2\/","name":"The New FlipBuilder Blog - FlipBuilder Blog","isPartOf":{"@id":"https:\/\/blog.flipbuilder.com\/tr\/#website"},"primaryImageOfPage":{"@id":"https:\/\/blog.flipbuilder.com\/8387-2\/#primaryimage"},"image":{"@id":"https:\/\/blog.flipbuilder.com\/8387-2\/#primaryimage"},"thumbnailUrl":"https:\/\/blog.flipbuilder.com\/wp-content\/themes\/twentytwentyfour\/assets\/images\/museum.webp","datePublished":"2024-09-19T02:08:15+00:00","dateModified":"2024-09-19T02:09:16+00:00","breadcrumb":{"@id":"https:\/\/blog.flipbuilder.com\/8387-2\/#breadcrumb"},"inLanguage":"pl-PL","potentialAction":[{"@type":"ReadAction","target":["https:\/\/blog.flipbuilder.com\/8387-2\/"]}]},{"@type":"ImageObject","inLanguage":"pl-PL","@id":"https:\/\/blog.flipbuilder.com\/8387-2\/#primaryimage","url":"https:\/\/blog.flipbuilder.com\/wp-content\/themes\/twentytwentyfour\/assets\/images\/museum.webp","contentUrl":"https:\/\/blog.flipbuilder.com\/wp-content\/themes\/twentytwentyfour\/assets\/images\/museum.webp"},{"@type":"BreadcrumbList","@id":"https:\/\/blog.flipbuilder.com\/8387-2\/#breadcrumb","itemListElement":[{"@type":"ListItem","position":1,"name":"Home","item":"https:\/\/blog.flipbuilder.com\/"},{"@type":"ListItem","position":2,"name":"The New FlipBuilder Blog"}]},{"@type":"WebSite","@id":"https:\/\/blog.flipbuilder.com\/tr\/#website","url":"https:\/\/blog.flipbuilder.com\/tr\/","name":"FlipBuilder Blog","description":"","publisher":{"@id":"https:\/\/blog.flipbuilder.com\/tr\/#organization"},"potentialAction":[{"@type":"SearchAction","target":{"@type":"EntryPoint","urlTemplate":"https:\/\/blog.flipbuilder.com\/tr\/?s={search_term_string}"},"query-input":{"@type":"PropertyValueSpecification","valueRequired":true,"valueName":"search_term_string"}}],"inLanguage":"pl-PL"},{"@type":"Organization","@id":"https:\/\/blog.flipbuilder.com\/tr\/#organization","name":"FlipBuilder Blog","url":"https:\/\/blog.flipbuilder.com\/tr\/","logo":{"@type":"ImageObject","inLanguage":"pl-PL","@id":"https:\/\/blog.flipbuilder.com\/tr\/#\/schema\/logo\/image\/","url":"https:\/\/blog.flipbuilder.com\/wp-content\/uploads\/2022\/07\/logo-2-1-1.png","contentUrl":"https:\/\/blog.flipbuilder.com\/wp-content\/uploads\/2022\/07\/logo-2-1-1.png","width":190,"height":38,"caption":"FlipBuilder Blog"},"image":{"@id":"https:\/\/blog.flipbuilder.com\/tr\/#\/schema\/logo\/image\/"}}]}},"_links":{"self":[{"href":"https:\/\/blog.flipbuilder.com\/pl\/wp-json\/wp\/v2\/pages\/8387"}],"collection":[{"href":"https:\/\/blog.flipbuilder.com\/pl\/wp-json\/wp\/v2\/pages"}],"about":[{"href":"https:\/\/blog.flipbuilder.com\/pl\/wp-json\/wp\/v2\/types\/page"}],"author":[{"embeddable":true,"href":"https:\/\/blog.flipbuilder.com\/pl\/wp-json\/wp\/v2\/users\/6"}],"replies":[{"embeddable":true,"href":"https:\/\/blog.flipbuilder.com\/pl\/wp-json\/wp\/v2\/comments?post=8387"}],"version-history":[{"count":3,"href":"https:\/\/blog.flipbuilder.com\/pl\/wp-json\/wp\/v2\/pages\/8387\/revisions"}],"predecessor-version":[{"id":8390,"href":"https:\/\/blog.flipbuilder.com\/pl\/wp-json\/wp\/v2\/pages\/8387\/revisions\/8390"}],"wp:attachment":[{"href":"https:\/\/blog.flipbuilder.com\/pl\/wp-json\/wp\/v2\/media?parent=8387"}],"curies":[{"name":"wp","href":"https:\/\/api.w.org\/{rel}","templated":true}]}}